{"id":73,"date":"2024-02-21T16:41:30","date_gmt":"2024-02-21T15:41:30","guid":{"rendered":"https:\/\/molosisi-africa.com\/?page_id=73"},"modified":"2025-01-10T12:30:13","modified_gmt":"2025-01-10T11:30:13","slug":"contact","status":"publish","type":"page","link":"https:\/\/molosisi-africa.com\/?page_id=73","title":{"rendered":"Contact"},"content":{"rendered":"\t\t<div data-elementor-type=\"wp-page\" data-elementor-id=\"73\" class=\"elementor elementor-73\" data-elementor-post-type=\"page\">\n\t\t\t\t<div class=\"elementor-element elementor-element-9bc6ab8 e-flex e-con-boxed e-con e-parent\" data-id=\"9bc6ab8\" data-element_type=\"container\">\n\t\t\t\t\t<div class=\"e-con-inner\">\n\t\t<div class=\"elementor-element elementor-element-d0025cc e-con-full e-flex e-con e-child\" data-id=\"d0025cc\" data-element_type=\"container\">\n\t\t\t\t<div class=\"elementor-element elementor-element-9d9b7c2 elementor-widget elementor-widget-heading\" data-id=\"9d9b7c2\" data-element_type=\"widget\" data-widget_type=\"heading.default\">\n\t\t\t\t<div class=\"elementor-widget-container\">\n\t\t\t\t\t<h2 class=\"elementor-heading-title elementor-size-default\">FORMULAIRE DE CONTACT<\/h2>\t\t\t\t<\/div>\n\t\t\t\t<\/div>\n\t\t\t\t<\/div>\n\t\t\t\t\t<\/div>\n\t\t\t\t<\/div>\n\t\t<div class=\"elementor-element elementor-element-acfdd1e e-flex e-con-boxed e-con e-parent\" data-id=\"acfdd1e\" data-element_type=\"container\">\n\t\t\t\t\t<div class=\"e-con-inner\">\n\t\t\t\t<div class=\"elementor-element elementor-element-cd4fc57 elementor-widget-mobile__width-initial elementor-widget elementor-widget-formidable\" data-id=\"cd4fc57\" data-element_type=\"widget\" data-widget_type=\"formidable.default\">\n\t\t\t\t<div class=\"elementor-widget-container\">\n\t\t\t\t\t<div class=\"frm_forms  with_frm_style frm_style_style-formidable\" id=\"frm_form_2_container\" data-token=\"18421fae799f2d24e8690906f47b6c3a\">\n<form enctype=\"multipart\/form-data\" method=\"post\" class=\"frm-show-form \" id=\"form_formulaire-de-contact\" data-token=\"18421fae799f2d24e8690906f47b6c3a\">\n<div class=\"frm_form_fields \">\n<fieldset>\n<legend class=\"frm_screen_reader\">Formulaire de contact<\/legend>\r\n\r\n<div class=\"frm_fields_container\">\n<input type=\"hidden\" name=\"frm_action\" value=\"create\" \/>\n<input type=\"hidden\" name=\"form_id\" value=\"2\" \/>\n<input type=\"hidden\" name=\"frm_hide_fields_2\" id=\"frm_hide_fields_2\" value=\"\" \/>\n<input type=\"hidden\" name=\"form_key\" value=\"formulaire-de-contact\" \/>\n<input type=\"hidden\" name=\"item_meta[0]\" value=\"\" \/>\n<input type=\"hidden\" id=\"frm_submit_entry_2\" name=\"frm_submit_entry_2\" value=\"a7301935e0\" \/><input type=\"hidden\" name=\"_wp_http_referer\" value=\"\/index.php?rest_route=%2Fwp%2Fv2%2Fpages%2F73\" \/><div id=\"frm_field_6_container\" class=\"frm_form_field form-field  frm_required_field frm_none_container frm6 frm_first\">\r\n    <label for=\"field_s2mh3\" id=\"field_s2mh3_label\" class=\"frm_primary_label\">Pr\u00e9nom(s)\r\n        <span class=\"frm_required\" aria-hidden=\"true\">*<\/span>\r\n    <\/label>\r\n    <input type=\"text\" id=\"field_s2mh3\" name=\"item_meta[6]\" value=\"\"  placeholder=\"Pr\u00e9nom(s)\" data-reqmsg=\"Ce champ ne peut pas \u00eatre vide\" aria-required=\"true\" data-invmsg=\"texte est non valide\" aria-invalid=\"false\"  \/>\r\n    \r\n    \r\n<\/div>\n<div id=\"frm_field_7_container\" class=\"frm_form_field form-field  frm_required_field frm_none_container frm6\">\r\n    <label for=\"field_smmpp\" id=\"field_smmpp_label\" class=\"frm_primary_label\">Nom de famille\r\n        <span class=\"frm_required\" aria-hidden=\"true\">*<\/span>\r\n    <\/label>\r\n    <input type=\"text\" id=\"field_smmpp\" name=\"item_meta[7]\" value=\"\"  placeholder=\"Nom\" data-reqmsg=\"Ce champ ne peut pas \u00eatre vide\" aria-required=\"true\" data-invmsg=\"texte est non valide\" aria-invalid=\"false\"  \/>\r\n    \r\n    \r\n<\/div>\n<div id=\"frm_field_16_container\" class=\"frm_form_field form-field  frm_required_field frm_none_container frm6 frm_first\">\r\n    <label for=\"field_tleyj\" id=\"field_tleyj_label\" class=\"frm_primary_label\">Email\r\n        <span class=\"frm_required\" aria-hidden=\"true\">*<\/span>\r\n    <\/label>\r\n    <input type=\"email\" id=\"field_tleyj\" name=\"item_meta[16]\" value=\"\"  placeholder=\"Adresse email\" data-reqmsg=\"Ce champ ne peut pas \u00eatre vide\" aria-required=\"true\" data-invmsg=\"Email est non valide\" aria-invalid=\"false\"  \/>\r\n    \r\n    \r\n<\/div>\n<div id=\"frm_field_9_container\" class=\"frm_form_field form-field  frm_required_field frm_none_container frm6\">\r\n    <label for=\"field_k0mzg\" id=\"field_k0mzg_label\" class=\"frm_primary_label\">Num\u00e9ro de t\u00e9l\u00e9phone\r\n        <span class=\"frm_required\" aria-hidden=\"true\">*<\/span>\r\n    <\/label>\r\n    <input type=\"tel\" id=\"field_k0mzg\" name=\"item_meta[9]\" value=\"\"  placeholder=\"Num\u00e9ro de t\u00e9l\u00e9phone\" data-reqmsg=\"Ce champ ne peut pas \u00eatre vide\" aria-required=\"true\" data-invmsg=\"T\u00e9l\u00e9phone est non valide\" aria-invalid=\"false\" pattern=\"((\\+\\d{1,3}(-|.| )?\\(?\\d\\)?(-| |.)?\\d{1,5})|(\\(?\\d{2,6}\\)?))(-|.| )?(\\d{3,4})(-|.| )?(\\d{4})(( x| ext)\\d{1,5}){0,1}$\"  \/>\r\n    \r\n    \r\n<\/div>\n<div id=\"frm_field_10_container\" class=\"frm_form_field form-field  frm_required_field frm_none_container frm6 frm_first\">\r\n    <label for=\"field_9j7e\" id=\"field_9j7e_label\" class=\"frm_primary_label\">Nombre de jours\r\n        <span class=\"frm_required\" aria-hidden=\"true\">*<\/span>\r\n    <\/label>\r\n    <input type=\"text\" id=\"field_9j7e\" name=\"item_meta[10]\" value=\"\"  placeholder=\"Nombre de jours\" data-reqmsg=\"Ce champ ne peut pas \u00eatre vide\" aria-required=\"true\" data-invmsg=\"texte est non valide\" aria-invalid=\"false\"  \/>\r\n    \r\n    \r\n<\/div>\n<div id=\"frm_field_17_container\" class=\"frm_form_field form-field  frm_required_field frm_none_container frm6\">\n    <label for=\"field_wwl7p\" id=\"field_wwl7p_label\" class=\"frm_primary_label\">P\u00e9riode de l'ann\u00e9e\n        <span class=\"frm_required\" aria-hidden=\"true\">*<\/span>\n    <\/label>\n    <input type=\"text\" id=\"field_wwl7p\" name=\"item_meta[17]\" value=\"\"  placeholder=\"P\u00e9riode de l&#039;ann\u00e9e\" data-reqmsg=\"P\u00e9riode de l&#039;ann\u00e9e cannot be blank.\" aria-required=\"true\" data-invmsg=\"texte est non valide\" aria-invalid=\"false\"  \/>\n    \n    \n<\/div>\n<div id=\"frm_field_12_container\" class=\"frm_form_field form-field  frm_required_field frm_top_container frm12 frm_first vertical_radio\">\r\n    <div  id=\"field_kg8tz_label\" class=\"frm_primary_label\">Type de voyage:\r\n        <span class=\"frm_required\" aria-hidden=\"true\">*<\/span>\r\n    <\/div>\r\n    <div class=\"frm_opt_container\" aria-labelledby=\"field_kg8tz_label\" role=\"group\">\t\t<div class=\"frm_checkbox\" id=\"frm_checkbox_12-0\">\t\t\t<label  for=\"field_kg8tz-0\">\n\t\t\t<input type=\"checkbox\" name=\"item_meta[12][]\" id=\"field_kg8tz-0\" value=\"En solo\"  data-reqmsg=\"Ce champ ne peut pas \u00eatre vide\" data-invmsg=\"Type de voyage: est non valide\" aria-invalid=\"false\"   aria-required=\"true\"  \/> En solo<\/label><\/div>\n\t\t<div class=\"frm_checkbox\" id=\"frm_checkbox_12-1\">\t\t\t<label  for=\"field_kg8tz-1\">\n\t\t\t<input type=\"checkbox\" name=\"item_meta[12][]\" id=\"field_kg8tz-1\" value=\"En couple\"  data-reqmsg=\"Ce champ ne peut pas \u00eatre vide\" data-invmsg=\"Type de voyage: est non valide\" aria-invalid=\"false\"   \/> En couple<\/label><\/div>\n\t\t<div class=\"frm_checkbox\" id=\"frm_checkbox_12-3\">\t\t\t<label  for=\"field_kg8tz-3\">\n\t\t\t<input type=\"checkbox\" name=\"item_meta[12][]\" id=\"field_kg8tz-3\" value=\"Entre amis\"  data-reqmsg=\"Ce champ ne peut pas \u00eatre vide\" data-invmsg=\"Type de voyage: est non valide\" aria-invalid=\"false\"   \/> Entre amis<\/label><\/div>\n\t\t<div class=\"frm_checkbox\" id=\"frm_checkbox_12-2\">\t\t\t<label  for=\"field_kg8tz-2\">\n\t\t\t<input type=\"checkbox\" name=\"item_meta[12][]\" id=\"field_kg8tz-2\" value=\"En famille\"  data-reqmsg=\"Ce champ ne peut pas \u00eatre vide\" data-invmsg=\"Type de voyage: est non valide\" aria-invalid=\"false\"   \/> En famille<\/label><\/div>\n\t\t<div class=\"frm_checkbox\" id=\"frm_checkbox_12-4\">\t\t\t<label  for=\"field_kg8tz-4\">\n\t\t\t<input type=\"checkbox\" name=\"item_meta[12][]\" id=\"field_kg8tz-4\" value=\"Business trip\"  data-reqmsg=\"Ce champ ne peut pas \u00eatre vide\" data-invmsg=\"Type de voyage: est non valide\" aria-invalid=\"false\"   \/> Business trip<\/label><\/div>\n<\/div>\r\n    \r\n    \r\n<\/div>\n<div id=\"frm_field_14_container\" class=\"frm_form_field form-field  frm_top_container\">\r\n    <label for=\"field_xlzmr\" id=\"field_xlzmr_label\" class=\"frm_primary_label\">Souhaitez-vous m'en dire plus?\r\n        <span class=\"frm_required\" aria-hidden=\"true\"><\/span>\r\n    <\/label>\r\n    <textarea name=\"item_meta[14]\" id=\"field_xlzmr\" rows=\"5\"  data-invmsg=\"Souhaitez-vous m&#039;en dire plus? est non valide\" aria-invalid=\"false\"  ><\/textarea>\r\n    \r\n    \r\n<\/div>\n\t<input type=\"hidden\" name=\"item_key\" value=\"\" \/>\n\t\t\t\t<div class=\"frm__65d60cccc257f\">\n\t\t\t\t<label for=\"frm_email_2\" >\n\t\t\t\t\tSi vous \u00eates un humain, ne remplissez pas ce champ.\t\t\t\t<\/label>\n\t\t\t\t<input  id=\"frm_email_2\" type=\"text\" class=\"frm_verify\" name=\"frm__65d60cccc257f\" value=\"\" autocomplete=\"off\"  \/>\n\t\t\t<\/div>\n\t\t<div class=\"frm_submit frm_flex\">\r\n<button class=\"frm_button_submit\" type=\"submit\"  >Envoyer<\/button>\r\n\r\n\r\n\r\n<\/div><\/div>\n<\/fieldset>\n<\/div>\n\n<\/form>\n<\/div>\n\t\t\t\t<\/div>\n\t\t\t\t<\/div>\n\t\t\t\t\t<\/div>\n\t\t\t\t<\/div>\n\t\t\t\t<\/div>\n\t\t","protected":false},"excerpt":{"rendered":"<p>FORMULAIRE DE CONTACT Formulaire de contact Pr\u00e9nom(s) * Nom de famille * Email * Num\u00e9ro de t\u00e9l\u00e9phone * Nombre de jours * P\u00e9riode de l&rsquo;ann\u00e9e * Type de voyage: * En solo En couple Entre amis En famille Business trip Souhaitez-vous m&rsquo;en dire plus? Si vous \u00eates un humain, ne remplissez pas ce champ. Envoyer<\/p>\n","protected":false},"author":1,"featured_media":0,"parent":0,"menu_order":0,"comment_status":"closed","ping_status":"closed","template":"","meta":{"om_disable_all_campaigns":false,"_monsterinsights_skip_tracking":false,"_monsterinsights_sitenote_active":false,"_monsterinsights_sitenote_note":"","_monsterinsights_sitenote_category":0,"ocean_post_layout":"","ocean_both_sidebars_style":"","ocean_both_sidebars_content_width":0,"ocean_both_sidebars_sidebars_width":0,"ocean_sidebar":"","ocean_second_sidebar":"","ocean_disable_margins":"enable","ocean_add_body_class":"","ocean_shortcode_before_top_bar":"","ocean_shortcode_after_top_bar":"","ocean_shortcode_before_header":"","ocean_shortcode_after_header":"","ocean_has_shortcode":"","ocean_shortcode_after_title":"","ocean_shortcode_before_footer_widgets":"","ocean_shortcode_after_footer_widgets":"","ocean_shortcode_before_footer_bottom":"","ocean_shortcode_after_footer_bottom":"","ocean_display_top_bar":"default","ocean_display_header":"default","ocean_header_style":"","ocean_center_header_left_menu":"","ocean_custom_header_template":"","ocean_custom_logo":0,"ocean_custom_retina_logo":0,"ocean_custom_logo_max_width":0,"ocean_custom_logo_tablet_max_width":0,"ocean_custom_logo_mobile_max_width":0,"ocean_custom_logo_max_height":0,"ocean_custom_logo_tablet_max_height":0,"ocean_custom_logo_mobile_max_height":0,"ocean_header_custom_menu":"","ocean_menu_typo_font_family":"","ocean_menu_typo_font_subset":"","ocean_menu_typo_font_size":0,"ocean_menu_typo_font_size_tablet":0,"ocean_menu_typo_font_size_mobile":0,"ocean_menu_typo_font_size_unit":"px","ocean_menu_typo_font_weight":"","ocean_menu_typo_font_weight_tablet":"","ocean_menu_typo_font_weight_mobile":"","ocean_menu_typo_transform":"","ocean_menu_typo_transform_tablet":"","ocean_menu_typo_transform_mobile":"","ocean_menu_typo_line_height":0,"ocean_menu_typo_line_height_tablet":0,"ocean_menu_typo_line_height_mobile":0,"ocean_menu_typo_line_height_unit":"","ocean_menu_typo_spacing":0,"ocean_menu_typo_spacing_tablet":0,"ocean_menu_typo_spacing_mobile":0,"ocean_menu_typo_spacing_unit":"","ocean_menu_link_color":"","ocean_menu_link_color_hover":"","ocean_menu_link_color_active":"","ocean_menu_link_background":"","ocean_menu_link_hover_background":"","ocean_menu_link_active_background":"","ocean_menu_social_links_bg":"","ocean_menu_social_hover_links_bg":"","ocean_menu_social_links_color":"","ocean_menu_social_hover_links_color":"","ocean_disable_title":"default","ocean_disable_heading":"default","ocean_post_title":"","ocean_post_subheading":"","ocean_post_title_style":"","ocean_post_title_background_color":"","ocean_post_title_background":0,"ocean_post_title_bg_image_position":"","ocean_post_title_bg_image_attachment":"","ocean_post_title_bg_image_repeat":"","ocean_post_title_bg_image_size":"","ocean_post_title_height":0,"ocean_post_title_bg_overlay":0.5,"ocean_post_title_bg_overlay_color":"","ocean_disable_breadcrumbs":"default","ocean_breadcrumbs_color":"","ocean_breadcrumbs_separator_color":"","ocean_breadcrumbs_links_color":"","ocean_breadcrumbs_links_hover_color":"","ocean_display_footer_widgets":"default","ocean_display_footer_bottom":"default","ocean_custom_footer_template":"","footnotes":""},"class_list":["post-73","page","type-page","status-publish","hentry","entry"],"yoast_head":"<!-- This site is optimized with the Yoast SEO plugin v24.8.1 - https:\/\/yoast.com\/wordpress\/plugins\/seo\/ -->\n<title>Contact - M O L O S I S I<\/title>\n<meta name=\"robots\" content=\"index, follow, max-snippet:-1, max-image-preview:large, max-video-preview:-1\" \/>\n<link rel=\"canonical\" href=\"https:\/\/molosisi-africa.com\/?page_id=73\" \/>\n<meta property=\"og:locale\" content=\"fr_FR\" \/>\n<meta property=\"og:type\" content=\"article\" \/>\n<meta property=\"og:title\" content=\"Contact - M O L O S I S I\" \/>\n<meta property=\"og:description\" content=\"FORMULAIRE DE CONTACT Formulaire de contact Pr\u00e9nom(s) * Nom de famille * Email * Num\u00e9ro de t\u00e9l\u00e9phone * Nombre de jours * P\u00e9riode de l&rsquo;ann\u00e9e * Type de voyage: * En solo En couple Entre amis En famille Business trip Souhaitez-vous m&rsquo;en dire plus? Si vous \u00eates un humain, ne remplissez pas ce champ. Envoyer\" \/>\n<meta property=\"og:url\" content=\"https:\/\/molosisi-africa.com\/?page_id=73\" \/>\n<meta property=\"og:site_name\" content=\"M O L O S I S I\" \/>\n<meta property=\"article:modified_time\" content=\"2025-01-10T11:30:13+00:00\" \/>\n<meta name=\"twitter:card\" content=\"summary_large_image\" \/>\n<meta name=\"twitter:label1\" content=\"Dur\u00e9e de lecture estim\u00e9e\" \/>\n\t<meta name=\"twitter:data1\" content=\"1 minute\" \/>\n<script type=\"application\/ld+json\" class=\"yoast-schema-graph\">{\"@context\":\"https:\/\/schema.org\",\"@graph\":[{\"@type\":\"WebPage\",\"@id\":\"https:\/\/molosisi-africa.com\/?page_id=73\",\"url\":\"https:\/\/molosisi-africa.com\/?page_id=73\",\"name\":\"Contact - M O L O S I S I\",\"isPartOf\":{\"@id\":\"https:\/\/molosisi-africa.com\/#website\"},\"datePublished\":\"2024-02-21T15:41:30+00:00\",\"dateModified\":\"2025-01-10T11:30:13+00:00\",\"breadcrumb\":{\"@id\":\"https:\/\/molosisi-africa.com\/?page_id=73#breadcrumb\"},\"inLanguage\":\"fr-FR\",\"potentialAction\":[{\"@type\":\"ReadAction\",\"target\":[\"https:\/\/molosisi-africa.com\/?page_id=73\"]}]},{\"@type\":\"BreadcrumbList\",\"@id\":\"https:\/\/molosisi-africa.com\/?page_id=73#breadcrumb\",\"itemListElement\":[{\"@type\":\"ListItem\",\"position\":1,\"name\":\"Accueil\",\"item\":\"https:\/\/molosisi-africa.com\/\"},{\"@type\":\"ListItem\",\"position\":2,\"name\":\"Contact\"}]},{\"@type\":\"WebSite\",\"@id\":\"https:\/\/molosisi-africa.com\/#website\",\"url\":\"https:\/\/molosisi-africa.com\/\",\"name\":\"M O L O S I S I\",\"description\":\"\",\"potentialAction\":[{\"@type\":\"SearchAction\",\"target\":{\"@type\":\"EntryPoint\",\"urlTemplate\":\"https:\/\/molosisi-africa.com\/?s={search_term_string}\"},\"query-input\":{\"@type\":\"PropertyValueSpecification\",\"valueRequired\":true,\"valueName\":\"search_term_string\"}}],\"inLanguage\":\"fr-FR\"}]}<\/script>\n<!-- \/ Yoast SEO plugin. -->","yoast_head_json":{"title":"Contact - M O L O S I S I","robots":{"index":"index","follow":"follow","max-snippet":"max-snippet:-1","max-image-preview":"max-image-preview:large","max-video-preview":"max-video-preview:-1"},"canonical":"https:\/\/molosisi-africa.com\/?page_id=73","og_locale":"fr_FR","og_type":"article","og_title":"Contact - M O L O S I S I","og_description":"FORMULAIRE DE CONTACT Formulaire de contact Pr\u00e9nom(s) * Nom de famille * Email * Num\u00e9ro de t\u00e9l\u00e9phone * Nombre de jours * P\u00e9riode de l&rsquo;ann\u00e9e * Type de voyage: * En solo En couple Entre amis En famille Business trip Souhaitez-vous m&rsquo;en dire plus? Si vous \u00eates un humain, ne remplissez pas ce champ. Envoyer","og_url":"https:\/\/molosisi-africa.com\/?page_id=73","og_site_name":"M O L O S I S I","article_modified_time":"2025-01-10T11:30:13+00:00","twitter_card":"summary_large_image","twitter_misc":{"Dur\u00e9e de lecture estim\u00e9e":"1 minute"},"schema":{"@context":"https:\/\/schema.org","@graph":[{"@type":"WebPage","@id":"https:\/\/molosisi-africa.com\/?page_id=73","url":"https:\/\/molosisi-africa.com\/?page_id=73","name":"Contact - M O L O S I S I","isPartOf":{"@id":"https:\/\/molosisi-africa.com\/#website"},"datePublished":"2024-02-21T15:41:30+00:00","dateModified":"2025-01-10T11:30:13+00:00","breadcrumb":{"@id":"https:\/\/molosisi-africa.com\/?page_id=73#breadcrumb"},"inLanguage":"fr-FR","potentialAction":[{"@type":"ReadAction","target":["https:\/\/molosisi-africa.com\/?page_id=73"]}]},{"@type":"BreadcrumbList","@id":"https:\/\/molosisi-africa.com\/?page_id=73#breadcrumb","itemListElement":[{"@type":"ListItem","position":1,"name":"Accueil","item":"https:\/\/molosisi-africa.com\/"},{"@type":"ListItem","position":2,"name":"Contact"}]},{"@type":"WebSite","@id":"https:\/\/molosisi-africa.com\/#website","url":"https:\/\/molosisi-africa.com\/","name":"M O L O S I S I","description":"","potentialAction":[{"@type":"SearchAction","target":{"@type":"EntryPoint","urlTemplate":"https:\/\/molosisi-africa.com\/?s={search_term_string}"},"query-input":{"@type":"PropertyValueSpecification","valueRequired":true,"valueName":"search_term_string"}}],"inLanguage":"fr-FR"}]}},"_links":{"self":[{"href":"https:\/\/molosisi-africa.com\/index.php?rest_route=\/wp\/v2\/pages\/73","targetHints":{"allow":["GET"]}}],"collection":[{"href":"https:\/\/molosisi-africa.com\/index.php?rest_route=\/wp\/v2\/pages"}],"about":[{"href":"https:\/\/molosisi-africa.com\/index.php?rest_route=\/wp\/v2\/types\/page"}],"author":[{"embeddable":true,"href":"https:\/\/molosisi-africa.com\/index.php?rest_route=\/wp\/v2\/users\/1"}],"replies":[{"embeddable":true,"href":"https:\/\/molosisi-africa.com\/index.php?rest_route=%2Fwp%2Fv2%2Fcomments&post=73"}],"version-history":[{"count":31,"href":"https:\/\/molosisi-africa.com\/index.php?rest_route=\/wp\/v2\/pages\/73\/revisions"}],"predecessor-version":[{"id":2831,"href":"https:\/\/molosisi-africa.com\/index.php?rest_route=\/wp\/v2\/pages\/73\/revisions\/2831"}],"wp:attachment":[{"href":"https:\/\/molosisi-africa.com\/index.php?rest_route=%2Fwp%2Fv2%2Fmedia&parent=73"}],"curies":[{"name":"wp","href":"https:\/\/api.w.org\/{rel}","templated":true}]}}